{"id":1344,"date":"2026-01-08T11:47:27","date_gmt":"2026-01-08T10:47:27","guid":{"rendered":"https:\/\/uwg-neumarkt-sankt-veit.de\/?page_id=1344"},"modified":"2026-01-09T11:55:11","modified_gmt":"2026-01-09T10:55:11","slug":"wahlprogramm-2026-2","status":"publish","type":"page","link":"https:\/\/uwg-neumarkt-sankt-veit.de\/?page_id=1344","title":{"rendered":"Wahlprogramm 2026"},"content":{"rendered":"\n<h3 style=\"text-align: center;\"><span style=\"text-decoration: underline; color: #ff9900;\"><strong>Wahlprogramm der UWG Neumarkt-Sankt Veit<\/strong><\/span><br \/><span style=\"text-decoration: underline; color: #ff9900;\">f\u00fcr die Kommunalwahl 2026<\/span><\/h3>\n<h3 style=\"text-align: center;\"><br \/>Als unabh\u00e4ngige Partei stehen wir f\u00fcr Entscheidungen, die ausschlie\u00dflich im Interesse unserer B\u00fcrgerinnen und B\u00fcrger getroffen werden.<br \/>Ohne Bindung an \u00fcbergeordnete Parteien k\u00f6nnen wir flexibel und schnell auf die Bed\u00fcrfnisse unserer Gemeinschaft reagieren.<br \/>Gemeinsam gestalten wir eine Zukunft, die wirklich zu uns passt\u00a0<\/h3>\n<h1 style=\"text-align: center;\"><br \/><span style=\"color: #ff9900;\"><strong>klar\u00a0 \u00a0&#8211;\u00a0 \u00a0 kommunal\u00a0 \u00a0&#8211;\u00a0 \u00a0unabh\u00e4ngig<\/strong><\/span><\/h1>\n<h4 style=\"text-align: center;\"><br \/><span style=\"text-decoration: underline;\">1. Soziales und Gemeinschaft<\/span><\/h4>\n<h4 style=\"text-align: center;\">\u2022 F\u00f6rderung des Zusammenlebens und der Gemeinschaft in unserer der Stadt<br \/>\u2022 Unterst\u00fctzung sozialer Projekte und Angebote f\u00fcr alle Generationen, besonders auch f\u00fcr Jugendliche und Familien<\/h4>\n<h4 style=\"text-align: center;\"><br \/><span style=\"text-decoration: underline;\">2. Bildung, Kultur und Freizeit<\/span><\/h4>\n<h4 style=\"text-align: center;\">\u2022 Zeitgem\u00e4\u00dfe Bedingungen f\u00fcr unsere Schulen und Kindertagesst\u00e4tten gew\u00e4hrleisten<br \/>\u2022 Erhalt und Ausbau von Freizeit- und Erholungsangeboten<br \/>\u2022 F\u00f6rderung kultureller Veranstaltungen, um das Gemeinschaftsgef\u00fchl zu st\u00e4rken<\/h4>\n<h4>\u00a0<\/h4>\n<h4 style=\"text-align: center;\"><span style=\"text-decoration: underline;\">3. Zukunftssicherung und nachhaltige Entwicklung<\/span><\/h4>\n<h4 style=\"text-align: center;\">\u2022 Planung von Investitionen, die die Lebensqualit\u00e4t verbessern, ohne die Finanzen zu belasten <br \/>\u2022 Einbindung der B\u00fcrgerinnen und B\u00fcrger in die Zukunftsplanung <br \/>\u2022 Strategien zur langfristigen finanziellen Stabilit\u00e4t der Stadt <br \/>\u2022 Transparente und nachhaltige Verwendung der st\u00e4dtischen Mittel <br \/>\u2022 F\u00f6rdermittel bewusst und transparent einsetzen<\/h4>\n<p>\u00a0<\/p>\n<h4 style=\"text-align: center;\"><span style=\"text-decoration: underline;\">4. Wirtschaftliche Stabilit\u00e4t und lokale Unterst\u00fctzung<\/span><\/h4>\n<h4 style=\"text-align: center;\">\u2022 Unterst\u00fctzung lokaler Betriebe durch B\u00fcrokratieabbau und F\u00f6rderprogramme <br \/>\u2022 F\u00f6rderung von nachhaltigen und zukunftsf\u00e4higen Arbeitspl\u00e4tzen <br \/>\u2022 Ma\u00dfnahmen zur St\u00e4rkung der regionalen Wirtschaft <br \/>\u2022 Ausweisung von Gewerbefl\u00e4chen, Bem\u00fchen um Gewerbeansiedlung<\/h4>\n<p>\u00a0<\/p>\n<h4 style=\"text-align: center;\"><span style=\"text-decoration: underline;\">5. Infrastruktur und Umwelt<\/span><\/h4>\n<h4 style=\"text-align: center;\">\u2022 Erhalt und Modernisierung der bestehenden Infrastruktur unter Ber\u00fccksichtigung der finanziellen Lage <br \/>\u2022 Ma\u00dfnahmen zum Schutz und zur Pflege der Gr\u00fcnfl\u00e4chen und Naherholungsgebiete <br \/>\u2022 F\u00f6rderung und Ausbau des Projektes \u201eEhrenamtliche Patenschaften\u201c f\u00fcr die Sauberkeit in unserer Stadt <br \/>\u2022 Weitere F\u00f6rderung nachhaltiger Energien und energiesparender Ma\u00dfnahmen in \u00f6ffentlichen <br \/>Geb\u00e4uden <br \/>\u2022 Schrittweise Umsetzung der kommunalem W\u00e4rmeplanung und des Ausbaus von regenerativen <br \/>Energien<\/h4>\n<h4 style=\"text-align: center;\"><br \/><span style=\"text-decoration: underline;\">6. Sanierung der Wasser- und Kl\u00e4ranlagen<\/span><\/h4>\n<h4 style=\"text-align: center;\">\u2022 Z\u00fcgiger und ordnungsgem\u00e4\u00dfer Abschluss der Kl\u00e4ranlagensanierung <br \/>\u2022 Schnelle und effiziente Planung und Umsetzung der Sanierung des Wassersystems <br \/>\u2022 Sicherstellung einer nachhaltigen und kosteneffizienten Wasserwirtschaft<\/h4>\n<h4 style=\"text-align: center;\"><br \/><span style=\"text-decoration: underline;\">7. F\u00f6rderungen unserer Feuerwehren<\/span><\/h4>\n<h4 style=\"text-align: center;\">\u2022 Unsere sieben Feuerwehren sind die Basis f\u00fcr unsere Sicherheit. Bei Br\u00e4nden, Unf\u00e4llen, Hochwasser <br \/>und anderen Gefahren f\u00fcr unsere B\u00fcrgerinnen und B\u00fcrger, f\u00fcr unsere Einrichtungen, unsere <br \/>Geb\u00e4udlichkeiten und unsere Umwelt sind sie unverzichtbar. <br \/>\u2022 Voraussetzung f\u00fcr die Einsatzkraft der Feuerwehren sind die notwendigen Ger\u00e4tschaften und <br \/>Fahrzeuge und insbesondere die ehrenamtlichen Feuerwehrler mit entsprechender Aus- und <br \/>Fortbildung. <br \/>\u2022 Die Feuerwehren werden wir in ihren Bem\u00fchungen zur Nachwuchsgewinnung\u00a0 f\u00f6rdern z.B. beim Projekt \u201eL\u00f6schpanther\u201c. <br \/>\u2022 Der Feuerwehrbedarfsplan aus dem Jahre 2021 ist in Zusammenarbeit mit den Feuerwehren <br \/>fortzuschreiben und zu aktualisieren.<\/h4>\n<h4 style=\"text-align: center;\"><br \/><span style=\"text-decoration: underline;\">8. Wertsch\u00e4tzung des Au\u00dfenbereiches<\/span><\/h4>\n<h4 style=\"text-align: center;\">\u2022 Unterst\u00fctzung der Dorfgemeinschaften bei Vorhaben <br \/>\u2022 Weiterer Ausbau der Infrastruktur <br \/>\u2022 Unterst\u00fctzung bei Bauvorhaben<\/h4>\n","protected":false},"excerpt":{"rendered":"<p>Wahlprogramm der UWG Neumarkt-Sankt Veitf\u00fcr die Kommunalwahl 2026 Als unabh\u00e4ngige Partei stehen wir f\u00fcr Entscheidungen, die ausschlie\u00dflich im Interesse unserer B\u00fcrgerinnen und B\u00fcrger getroffen werden.Ohne Bindung an \u00fcbergeordnete Parteien k\u00f6nnen wir flexibel und schnell auf die Bed\u00fcrfnisse unserer Gemeinschaft reagieren.Gemeinsam gestalten wir eine Zukunft, die wirklich zu uns passt\u00a0 klar\u00a0 \u00a0&#8211;\u00a0 \u00a0 kommunal\u00a0 \u00a0&#8211;\u00a0 \u00a0unabh\u00e4ngig &hellip; <\/p>\n<p><a class=\"more-link btn\" href=\"https:\/\/uwg-neumarkt-sankt-veit.de\/?page_id=1344\">Weiterlesen<\/a><\/p>\n","protected":false},"author":1,"featured_media":0,"parent":0,"menu_order":0,"comment_status":"closed","ping_status":"closed","template":"","meta":{"footnotes":""},"class_list":["post-1344","page","type-page","status-publish","hentry","nodate","item-wrap"],"rttpg_featured_image_url":null,"rttpg_author":{"display_name":"UWG-Admin","author_link":"https:\/\/uwg-neumarkt-sankt-veit.de\/?author=1"},"rttpg_comment":0,"rttpg_category":null,"rttpg_excerpt":"Wahlprogramm der UWG Neumarkt-Sankt Veitf\u00fcr die Kommunalwahl 2026 Als unabh\u00e4ngige Partei stehen wir f\u00fcr Entscheidungen, die ausschlie\u00dflich im Interesse unserer B\u00fcrgerinnen und B\u00fcrger getroffen werden.Ohne Bindung an \u00fcbergeordnete Parteien k\u00f6nnen wir flexibel und schnell auf die Bed\u00fcrfnisse unserer Gemeinschaft reagieren.Gemeinsam gestalten wir eine Zukunft, die wirklich zu uns passt\u00a0 klar\u00a0 \u00a0&#8211;\u00a0 \u00a0 kommunal\u00a0 \u00a0&#8211;\u00a0 \u00a0unabh\u00e4ngig&hellip;","_links":{"self":[{"href":"https:\/\/uwg-neumarkt-sankt-veit.de\/index.php?rest_route=\/wp\/v2\/pages\/1344","targetHints":{"allow":["GET"]}}],"collection":[{"href":"https:\/\/uwg-neumarkt-sankt-veit.de\/index.php?rest_route=\/wp\/v2\/pages"}],"about":[{"href":"https:\/\/uwg-neumarkt-sankt-veit.de\/index.php?rest_route=\/wp\/v2\/types\/page"}],"author":[{"embeddable":true,"href":"https:\/\/uwg-neumarkt-sankt-veit.de\/index.php?rest_route=\/wp\/v2\/users\/1"}],"replies":[{"embeddable":true,"href":"https:\/\/uwg-neumarkt-sankt-veit.de\/index.php?rest_route=%2Fwp%2Fv2%2Fcomments&post=1344"}],"version-history":[{"count":4,"href":"https:\/\/uwg-neumarkt-sankt-veit.de\/index.php?rest_route=\/wp\/v2\/pages\/1344\/revisions"}],"predecessor-version":[{"id":1360,"href":"https:\/\/uwg-neumarkt-sankt-veit.de\/index.php?rest_route=\/wp\/v2\/pages\/1344\/revisions\/1360"}],"wp:attachment":[{"href":"https:\/\/uwg-neumarkt-sankt-veit.de\/index.php?rest_route=%2Fwp%2Fv2%2Fmedia&parent=1344"}],"curies":[{"name":"wp","href":"https:\/\/api.w.org\/{rel}","templated":true}]}}